{"id":19121,"date":"2025-07-16T16:24:02","date_gmt":"2025-07-16T16:24:02","guid":{"rendered":"https:\/\/orchid-oryx-288039.hostingersite.com\/?page_id=19121"},"modified":"2025-09-01T23:37:07","modified_gmt":"2025-09-01T23:37:07","slug":"programa-de-transparencia-y-etica-empresarial-korner-s-a-s","status":"publish","type":"page","link":"https:\/\/korner.com.co\/en\/programa-de-transparencia-y-etica-empresarial-korner-s-a-s\/","title":{"rendered":"Programa de Transparencia y \u00c9tica Empresarial KORNER S.A.S."},"content":{"rendered":"\t\t<div data-elementor-type=\"wp-page\" data-elementor-id=\"19121\" class=\"elementor elementor-19121\" data-elementor-post-type=\"page\">\n\t\t\t\t<div data-particle_enable=\"false\" data-particle-mobile-disabled=\"false\" class=\"elementor-element elementor-element-bed5084 e-flex e-con-boxed e-con e-parent\" data-id=\"bed5084\" data-element_type=\"container\" data-e-type=\"container\">\n\t\t\t\t\t<div class=\"e-con-inner\">\n\t\t<div data-particle_enable=\"false\" data-particle-mobile-disabled=\"false\" class=\"elementor-element elementor-element-7418657 e-con-full e-flex e-con e-child\" data-id=\"7418657\" data-element_type=\"container\" data-e-type=\"container\">\n\t\t\t\t<div class=\"elementor-element elementor-element-bd65a42 elementor-widget elementor-widget-heading\" data-id=\"bd65a42\" data-element_type=\"widget\" data-e-type=\"widget\" data-widget_type=\"heading.default\">\n\t\t\t\t<div class=\"elementor-widget-container\">\n\t\t\t\t\t<h2 class=\"elementor-heading-title elementor-size-default\">Transparencia y \u00e9tica empresarial<\/h2>\t\t\t\t<\/div>\n\t\t\t\t<\/div>\n\t\t\t\t<\/div>\n\t\t\t\t\t<\/div>\n\t\t\t\t<\/div>\n\t\t<div data-particle_enable=\"false\" data-particle-mobile-disabled=\"false\" class=\"elementor-element elementor-element-76f5819 e-flex e-con-boxed e-con e-parent\" data-id=\"76f5819\" data-element_type=\"container\" data-e-type=\"container\">\n\t\t\t\t\t<div class=\"e-con-inner\">\n\t\t<div data-particle_enable=\"false\" data-particle-mobile-disabled=\"false\" class=\"elementor-element elementor-element-8c214af e-con-full e-flex e-con e-child\" data-id=\"8c214af\" data-element_type=\"container\" data-e-type=\"container\">\n\t\t\t\t<div class=\"elementor-element elementor-element-56348b5 elementor-widget elementor-widget-text-editor\" data-id=\"56348b5\" data-element_type=\"widget\" data-e-type=\"widget\" data-widget_type=\"text-editor.default\">\n\t\t\t\t<div class=\"elementor-widget-container\">\n\t\t\t\t\t\t\t\t\t<p>KORNER S.A.S., estamos comprometidos con una cultura empresarial basada en la \u00e9tica y valores corporativos, como la integridad y la transparencia. Actuar con rectitud es parte de nuestra identidad y una convicci\u00f3n profunda que impulsa cada decisi\u00f3n, relaci\u00f3n comercial y proyecto que desarrollamos.<\/p>\t\t\t\t\t\t\t\t<\/div>\n\t\t\t\t<\/div>\n\t\t\t\t<\/div>\n\t\t\t\t\t<\/div>\n\t\t\t\t<\/div>\n\t\t<div data-particle_enable=\"false\" data-particle-mobile-disabled=\"false\" class=\"elementor-element elementor-element-3c8a422 e-flex e-con-boxed e-con e-parent\" data-id=\"3c8a422\" data-element_type=\"container\" data-e-type=\"container\">\n\t\t\t\t\t<div class=\"e-con-inner\">\n\t\t<div data-particle_enable=\"false\" data-particle-mobile-disabled=\"false\" class=\"elementor-element elementor-element-f788182 e-con-full e-flex e-con e-child\" data-id=\"f788182\" data-element_type=\"container\" data-e-type=\"container\">\n\t\t\t\t<div class=\"elementor-element elementor-element-806ed52 elementor-widget elementor-widget-houzez_elementor_section_title\" data-id=\"806ed52\" data-element_type=\"widget\" data-e-type=\"widget\" data-widget_type=\"houzez_elementor_section_title.default\">\n\t\t\t\t<div class=\"elementor-widget-container\">\n\t\t\t\t\t            <div class=\"houzez_section_title_wrap section-title-module\">\n                                    <h2 class=\"houzez_section_title\">Nuestro Compromiso<\/h2>\n                \n                            <\/div>\n            \t\t\t\t<\/div>\n\t\t\t\t<\/div>\n\t\t\t\t<div class=\"elementor-element elementor-element-5b2f4cc elementor-widget elementor-widget-text-editor\" data-id=\"5b2f4cc\" data-element_type=\"widget\" data-e-type=\"widget\" data-widget_type=\"text-editor.default\">\n\t\t\t\t<div class=\"elementor-widget-container\">\n\t\t\t\t\t\t\t\t\t<ol><li>Cumplimiento normativo: Alineamos nuestras operaciones con las leyes, reglamentos y est\u00e1ndares nacionales vigentes.<\/li><li>Transparencia en nuestras relaciones: Fomentamos la confianza con nuestros grupos de inter\u00e9s a trav\u00e9s de la informaci\u00f3n clara y oportuna.<\/li><li>Tolerancia cero a los actos de Corrupci\u00f3n y\/o Soborno en cualquiera de sus formas: Rechazamos las pr\u00e1ctica deshonesta o ilegal en nuestros procesos.<\/li><li>Prevenci\u00f3n de conflictos de inter\u00e9s: Actuamos con imparcialidad, promovemos decisiones objetivas y responsables.<\/li><\/ol>\t\t\t\t\t\t\t\t<\/div>\n\t\t\t\t<\/div>\n\t\t\t\t<div class=\"elementor-element elementor-element-e0492e8 elementor-widget elementor-widget-text-editor\" data-id=\"e0492e8\" data-element_type=\"widget\" data-e-type=\"widget\" data-widget_type=\"text-editor.default\">\n\t\t\t\t<div class=\"elementor-widget-container\">\n\t\t\t\t\t\t\t\t\t<p>Conoce nuestras pol\u00edticas, el cual integra nuestra cultura de cumplimiento y prevenci\u00f3n:<\/p>\t\t\t\t\t\t\t\t<\/div>\n\t\t\t\t<\/div>\n\t\t\t\t<div class=\"elementor-element elementor-element-c16a78a elementor-widget elementor-widget-text-editor\" data-id=\"c16a78a\" data-element_type=\"widget\" data-e-type=\"widget\" data-widget_type=\"text-editor.default\">\n\t\t\t\t<div class=\"elementor-widget-container\">\n\t\t\t\t\t\t\t\t\t<ol><li><strong>Manual del Programa de Transparencia y \u00c9tica Empresarial.<\/strong> (que sea un enlace que direcciones al documento de la pol\u00edtica)<\/li><li><strong>Manual del SAGRILAFT<\/strong>. (que sea un enlace que direcciones al documento de la pol\u00edtica)<\/li><li><strong>C\u00f3digo de conducta para proveedores y contratistas<\/strong> (que sea un enlace que direcciones al documento de la pol\u00edtica)<\/li><li><strong>C\u00f3digo de conducta para empleados<\/strong> (que sea un enlace que direcciones al documento de la pol\u00edtica)<\/li><\/ol>\t\t\t\t\t\t\t\t<\/div>\n\t\t\t\t<\/div>\n\t\t\t\t<div class=\"elementor-element elementor-element-07314e4 elementor-widget elementor-widget-text-editor\" data-id=\"07314e4\" data-element_type=\"widget\" data-e-type=\"widget\" data-widget_type=\"text-editor.default\">\n\t\t\t\t<div class=\"elementor-widget-container\">\n\t\t\t\t\t\t\t\t\t<p>Est\u00e1s pol\u00edticas son de aplicaci\u00f3n obligatoria para todos los colaboradores y extensiva a nuestros proveedores, contratistas y aliados estrat\u00e9gicos. <br \/>M\u00e1s informaci\u00f3n cont\u00e1ctenos<br \/>l\u00ednea \u00e9tica: <strong>lineaetica@korner.com.co<\/strong><\/p>\t\t\t\t\t\t\t\t<\/div>\n\t\t\t\t<\/div>\n\t\t\t\t<div class=\"elementor-element elementor-element-733b7ff elementor-widget elementor-widget-houzez_elementor_section_title\" data-id=\"733b7ff\" data-element_type=\"widget\" data-e-type=\"widget\" data-widget_type=\"houzez_elementor_section_title.default\">\n\t\t\t\t<div class=\"elementor-widget-container\">\n\t\t\t\t\t            <div class=\"houzez_section_title_wrap section-title-module\">\n                                    <h2 class=\"houzez_section_title\">Canal de Reportes<\/h2>\n                \n                            <\/div>\n            \t\t\t\t<\/div>\n\t\t\t\t<\/div>\n\t\t\t\t<div class=\"elementor-element elementor-element-c2d9d88 elementor-widget elementor-widget-text-editor\" data-id=\"c2d9d88\" data-element_type=\"widget\" data-e-type=\"widget\" data-widget_type=\"text-editor.default\">\n\t\t\t\t<div class=\"elementor-widget-container\">\n\t\t\t\t\t\t\t\t\t<p>Hemos habilitado un canal seguro, an\u00f3nimo y confidencial para reportar cualquier comportamiento irregular, falta de \u00e9tica o posible acto de corrupci\u00f3n. Todos los reportes son tratados con seriedad, investigados de manera imparcial y sin represalias.<\/p>\t\t\t\t\t\t\t\t<\/div>\n\t\t\t\t<\/div>\n\t\t\t\t<div class=\"elementor-element elementor-element-d7271d1 elementor-button-align-stretch elementor-widget elementor-widget-form\" data-id=\"d7271d1\" data-element_type=\"widget\" data-e-type=\"widget\" data-settings=\"{&quot;step_next_label&quot;:&quot;Next&quot;,&quot;step_previous_label&quot;:&quot;Previous&quot;,&quot;button_width&quot;:&quot;100&quot;,&quot;step_type&quot;:&quot;number_text&quot;,&quot;step_icon_shape&quot;:&quot;circle&quot;}\" data-widget_type=\"form.default\">\n\t\t\t\t<div class=\"elementor-widget-container\">\n\t\t\t\t\t\t\t<form class=\"elementor-form\" method=\"post\" name=\"New Form\" aria-label=\"New Form\">\n\t\t\t<input type=\"hidden\" name=\"post_id\" value=\"19121\"\/>\n\t\t\t<input type=\"hidden\" name=\"form_id\" value=\"d7271d1\"\/>\n\t\t\t<input type=\"hidden\" name=\"referer_title\" value=\"Programa de Transparencia y \u00c9tica Empresarial KORNER S.A.S. - Korner Constructora\" \/>\n\n\t\t\t\t\t\t\t<input type=\"hidden\" name=\"queried_id\" value=\"19121\"\/>\n\t\t\t\n\t\t\t<div class=\"elementor-form-fields-wrapper elementor-labels-above\">\n\t\t\t\t\t\t\t\t<div class=\"elementor-field-type-select elementor-field-group elementor-column elementor-field-group-name elementor-col-50 elementor-field-required\">\n\t\t\t\t\t\t\t\t\t\t\t\t<label for=\"form-field-name\" class=\"elementor-field-label\">\n\t\t\t\t\t\t\t\t\u00bfEs usted empleado de KORNER?\t\t\t\t\t\t\t<\/label>\n\t\t\t\t\t\t\t\t<div class=\"elementor-field elementor-select-wrapper remove-before \">\n\t\t\t<div class=\"select-caret-down-wrapper\">\n\t\t\t\t<svg aria-hidden=\"true\" class=\"e-font-icon-svg e-eicon-caret-down\" viewBox=\"0 0 571.4 571.4\" xmlns=\"http:\/\/www.w3.org\/2000\/svg\"><path d=\"M571 393Q571 407 561 418L311 668Q300 679 286 679T261 668L11 418Q0 407 0 393T11 368 36 357H536Q550 357 561 368T571 393Z\"><\/path><\/svg>\t\t\t<\/div>\n\t\t\t<select name=\"form_fields[name]\" id=\"form-field-name\" class=\"elementor-field-textual elementor-size-sm\" required=\"required\">\n\t\t\t\t\t\t\t\t\t<option value=\"No\">No<\/option>\n\t\t\t\t\t\t\t\t\t<option value=\"Si\">Si<\/option>\n\t\t\t\t\t\t\t<\/select>\n\t\t<\/div>\n\t\t\t\t\t\t<\/div>\n\t\t\t\t\t\t\t\t<div class=\"elementor-field-type-select elementor-field-group elementor-column elementor-field-group-field_b04b260 elementor-col-50 elementor-field-required\">\n\t\t\t\t\t\t\t\t\t\t\t\t<label for=\"form-field-field_b04b260\" class=\"elementor-field-label\">\n\t\t\t\t\t\t\t\t\u00bfDesea permanecer AN\u00d3NIMO para este reporte?\t\t\t\t\t\t\t<\/label>\n\t\t\t\t\t\t\t\t<div class=\"elementor-field elementor-select-wrapper remove-before \">\n\t\t\t<div class=\"select-caret-down-wrapper\">\n\t\t\t\t<svg aria-hidden=\"true\" class=\"e-font-icon-svg e-eicon-caret-down\" viewBox=\"0 0 571.4 571.4\" xmlns=\"http:\/\/www.w3.org\/2000\/svg\"><path d=\"M571 393Q571 407 561 418L311 668Q300 679 286 679T261 668L11 418Q0 407 0 393T11 368 36 357H536Q550 357 561 368T571 393Z\"><\/path><\/svg>\t\t\t<\/div>\n\t\t\t<select name=\"form_fields[field_b04b260]\" id=\"form-field-field_b04b260\" class=\"elementor-field-textual elementor-size-sm\" required=\"required\">\n\t\t\t\t\t\t\t\t\t<option value=\"No\">No<\/option>\n\t\t\t\t\t\t\t\t\t<option value=\"Si\">Si<\/option>\n\t\t\t\t\t\t\t<\/select>\n\t\t<\/div>\n\t\t\t\t\t\t<\/div>\n\t\t\t\t\t\t\t\t<div class=\"elementor-field-type-html elementor-field-group elementor-column elementor-field-group-email elementor-col-100\">\n\t\t\t\t\tSi desea que KORNER conozca su identidad, ind\u00edquenos:\t\t\t\t<\/div>\n\t\t\t\t\t\t\t\t<div class=\"elementor-field-type-text elementor-field-group elementor-column elementor-field-group-message elementor-col-50 elementor-field-required\">\n\t\t\t\t\t\t\t\t\t\t\t\t<label for=\"form-field-message\" class=\"elementor-field-label\">\n\t\t\t\t\t\t\t\tNombres\t\t\t\t\t\t\t<\/label>\n\t\t\t\t\t\t\t\t\t\t\t\t\t\t<input size=\"1\" type=\"text\" name=\"form_fields[message]\" id=\"form-field-message\" class=\"elementor-field elementor-size-sm  elementor-field-textual\" placeholder=\"Nombres\" required=\"required\">\n\t\t\t\t\t\t\t\t\t\t\t<\/div>\n\t\t\t\t\t\t\t\t<div class=\"elementor-field-type-text elementor-field-group elementor-column elementor-field-group-field_f08ccf1 elementor-col-50 elementor-field-required\">\n\t\t\t\t\t\t\t\t\t\t\t\t<label for=\"form-field-field_f08ccf1\" class=\"elementor-field-label\">\n\t\t\t\t\t\t\t\tApellidos\t\t\t\t\t\t\t<\/label>\n\t\t\t\t\t\t\t\t\t\t\t\t\t\t<input size=\"1\" type=\"text\" name=\"form_fields[field_f08ccf1]\" id=\"form-field-field_f08ccf1\" class=\"elementor-field elementor-size-sm  elementor-field-textual\" placeholder=\"Apellidos\" required=\"required\">\n\t\t\t\t\t\t\t\t\t\t\t<\/div>\n\t\t\t\t\t\t\t\t<div class=\"elementor-field-type-email elementor-field-group elementor-column elementor-field-group-field_21b87ad elementor-col-50 elementor-field-required\">\n\t\t\t\t\t\t\t\t\t\t\t\t<label for=\"form-field-field_21b87ad\" class=\"elementor-field-label\">\n\t\t\t\t\t\t\t\tEmail\t\t\t\t\t\t\t<\/label>\n\t\t\t\t\t\t\t\t\t\t\t\t\t\t<input size=\"1\" type=\"email\" name=\"form_fields[field_21b87ad]\" id=\"form-field-field_21b87ad\" class=\"elementor-field elementor-size-sm  elementor-field-textual\" placeholder=\"tucorreo@ejemplo.com\" required=\"required\">\n\t\t\t\t\t\t\t\t\t\t\t<\/div>\n\t\t\t\t\t\t\t\t<div class=\"elementor-field-type-number elementor-field-group elementor-column elementor-field-group-field_1bfde15 elementor-col-50 elementor-field-required\">\n\t\t\t\t\t\t\t\t\t\t\t\t<label for=\"form-field-field_1bfde15\" class=\"elementor-field-label\">\n\t\t\t\t\t\t\t\tTel\u00e9fono\t\t\t\t\t\t\t<\/label>\n\t\t\t\t\t\t\t\t\t<input type=\"number\" name=\"form_fields[field_1bfde15]\" id=\"form-field-field_1bfde15\" class=\"elementor-field elementor-size-sm  elementor-field-textual\" placeholder=\"Ej: 3001234567\" required=\"required\" min=\"\" max=\"\" >\n\t\t\t\t\t\t<\/div>\n\t\t\t\t\t\t\t\t<div class=\"elementor-field-type-select elementor-field-group elementor-column elementor-field-group-field_4b82974 elementor-col-50 elementor-field-required\">\n\t\t\t\t\t\t\t\t\t\t\t\t<label for=\"form-field-field_4b82974\" class=\"elementor-field-label\">\n\t\t\t\t\t\t\t\tEn qu\u00e9 momento te podemos contactar:\t\t\t\t\t\t\t<\/label>\n\t\t\t\t\t\t\t\t<div class=\"elementor-field elementor-select-wrapper remove-before \">\n\t\t\t<div class=\"select-caret-down-wrapper\">\n\t\t\t\t<svg aria-hidden=\"true\" class=\"e-font-icon-svg e-eicon-caret-down\" viewBox=\"0 0 571.4 571.4\" xmlns=\"http:\/\/www.w3.org\/2000\/svg\"><path d=\"M571 393Q571 407 561 418L311 668Q300 679 286 679T261 668L11 418Q0 407 0 393T11 368 36 357H536Q550 357 561 368T571 393Z\"><\/path><\/svg>\t\t\t<\/div>\n\t\t\t<select name=\"form_fields[field_4b82974]\" id=\"form-field-field_4b82974\" class=\"elementor-field-textual elementor-size-sm\" required=\"required\">\n\t\t\t\t\t\t\t\t\t<option value=\"Noche\">Noche<\/option>\n\t\t\t\t\t\t\t\t\t<option value=\"Tarde\">Tarde<\/option>\n\t\t\t\t\t\t\t\t\t<option value=\"Ma\u00f1ana\">Ma\u00f1ana<\/option>\n\t\t\t\t\t\t\t<\/select>\n\t\t<\/div>\n\t\t\t\t\t\t<\/div>\n\t\t\t\t\t\t\t\t<div class=\"elementor-field-type-select elementor-field-group elementor-column elementor-field-group-field_62651b0 elementor-col-50 elementor-field-type-select-multiple elementor-field-required\">\n\t\t\t\t\t\t\t\t\t\t\t\t<label for=\"form-field-field_62651b0\" class=\"elementor-field-label\">\n\t\t\t\t\t\t\t\t*Tipo de reportes\t\t\t\t\t\t\t<\/label>\n\t\t\t\t\t\t\t\t<div class=\"elementor-field elementor-select-wrapper remove-before \">\n\t\t\t<div class=\"select-caret-down-wrapper\">\n\t\t\t\t\t\t\t<\/div>\n\t\t\t<select name=\"form_fields[field_62651b0][]\" id=\"form-field-field_62651b0\" class=\"elementor-field-textual elementor-size-sm\" required=\"required\" multiple=\"\">\n\t\t\t\t\t\t\t\t\t<option value=\"Conflicto de inter\u00e9s en temas de contrataci\u00f3n.\">Conflicto de inter\u00e9s en temas de contrataci\u00f3n.<\/option>\n\t\t\t\t\t\t\t\t\t<option value=\"Robo de papeler\u00eda.\">Robo de papeler\u00eda.<\/option>\n\t\t\t\t\t\t\t\t\t<option value=\"Abuso de confianza.\">Abuso de confianza.<\/option>\n\t\t\t\t\t\t\t\t\t<option value=\"Favoritismos.\">Favoritismos.<\/option>\n\t\t\t\t\t\t\t\t\t<option value=\"Desprestigio.\">Desprestigio.<\/option>\n\t\t\t\t\t\t\t\t\t<option value=\"Uso de sustancias\">Uso de sustancias<\/option>\n\t\t\t\t\t\t\t\t\t<option value=\"Acoso sexual.\">Acoso sexual.<\/option>\n\t\t\t\t\t\t\t\t\t<option value=\"Discriminaci\u00f3n.\">Discriminaci\u00f3n.<\/option>\n\t\t\t\t\t\t\t\t\t<option value=\"Condiciones de trabajo inseguras.\">Condiciones de trabajo inseguras.<\/option>\n\t\t\t\t\t\t\t\t\t<option value=\"Uso de sustancias (drogas).\">Uso de sustancias (drogas).<\/option>\n\t\t\t\t\t\t\t\t\t<option value=\"Represar\u00eda\">Represar\u00eda<\/option>\n\t\t\t\t\t\t\t\t\t<option value=\"Violencia verbal y psicol\u00f3gica\">Violencia verbal y psicol\u00f3gica<\/option>\n\t\t\t\t\t\t\t\t\t<option value=\"Falsificaci\u00f3n de documentos\">Falsificaci\u00f3n de documentos<\/option>\n\t\t\t\t\t\t\t\t\t<option value=\"Soborno Trasnacional\">Soborno Trasnacional<\/option>\n\t\t\t\t\t\t\t\t\t<option value=\"Corrupci\u00f3n\">Corrupci\u00f3n<\/option>\n\t\t\t\t\t\t\t\t\t<option value=\"Discriminaci\u00f3n\">Discriminaci\u00f3n<\/option>\n\t\t\t\t\t\t\t<\/select>\n\t\t<\/div>\n\t\t\t\t\t\t<\/div>\n\t\t\t\t\t\t\t\t<div class=\"elementor-field-type-text elementor-field-group elementor-column elementor-field-group-field_607fb1d elementor-col-50 elementor-field-required\">\n\t\t\t\t\t\t\t\t\t\t\t\t<label for=\"form-field-field_607fb1d\" class=\"elementor-field-label\">\n\t\t\t\t\t\t\t\tOtra, Cual?\t\t\t\t\t\t\t<\/label>\n\t\t\t\t\t\t\t\t\t\t\t\t\t\t<input size=\"1\" type=\"text\" name=\"form_fields[field_607fb1d]\" id=\"form-field-field_607fb1d\" class=\"elementor-field elementor-size-sm  elementor-field-textual\" required=\"required\">\n\t\t\t\t\t\t\t\t\t\t\t<\/div>\n\t\t\t\t\t\t\t\t<div class=\"elementor-field-type-text elementor-field-group elementor-column elementor-field-group-field_163a9d9 elementor-col-50 elementor-field-required\">\n\t\t\t\t\t\t\t\t\t\t\t\t<label for=\"form-field-field_163a9d9\" class=\"elementor-field-label\">\n\t\t\t\t\t\t\t\t\u00bfD\u00f3nde ocurri\u00f3 el incidente?\t\t\t\t\t\t\t<\/label>\n\t\t\t\t\t\t\t\t\t\t\t\t\t\t<input size=\"1\" type=\"text\" name=\"form_fields[field_163a9d9]\" id=\"form-field-field_163a9d9\" class=\"elementor-field elementor-size-sm  elementor-field-textual\" required=\"required\">\n\t\t\t\t\t\t\t\t\t\t\t<\/div>\n\t\t\t\t\t\t\t\t<div class=\"elementor-field-type-textarea elementor-field-group elementor-column elementor-field-group-field_27e59b7 elementor-col-50 elementor-field-required\">\n\t\t\t\t\t\t\t\t\t\t\t\t<label for=\"form-field-field_27e59b7\" class=\"elementor-field-label\">\n\t\t\t\t\t\t\t\tDetalle el reporte lo m\u00e1s espec\u00edfico posible:\t\t\t\t\t\t\t<\/label>\n\t\t\t\t\t\t<textarea class=\"elementor-field-textual elementor-field  elementor-size-sm\" name=\"form_fields[field_27e59b7]\" id=\"form-field-field_27e59b7\" rows=\"4\" required=\"required\"><\/textarea>\t\t\t\t<\/div>\n\t\t\t\t\t\t\t\t<div class=\"elementor-field-type-upload elementor-field-group elementor-column elementor-field-group-field_022fb7e elementor-col-50 elementor-field-required\">\n\t\t\t\t\t\t\t\t\t\t\t\t<label for=\"form-field-field_022fb7e\" class=\"elementor-field-label\">\n\t\t\t\t\t\t\t\tAdjunte soportes o evidencia\t\t\t\t\t\t\t<\/label>\n\t\t\t\t\t\t\t\t<input type=\"file\" name=\"form_fields[field_022fb7e]\" id=\"form-field-field_022fb7e\" class=\"elementor-field elementor-size-sm  elementor-upload-field\" required=\"required\">\n\n\t\t\t\t\t\t<\/div>\n\t\t\t\t\t\t\t\t<div class=\"elementor-field-type-acceptance elementor-field-group elementor-column elementor-field-group-field_b72a4dc elementor-col-100 elementor-field-required\">\n\t\t\t\t\t\t\t<div class=\"elementor-field-subgroup\">\n\t\t\t<span class=\"elementor-field-option\">\n\t\t\t\t<input type=\"checkbox\" name=\"form_fields[field_b72a4dc]\" id=\"form-field-field_b72a4dc\" class=\"elementor-field elementor-size-sm  elementor-acceptance-field\" required=\"required\">\n\t\t\t\t<label for=\"form-field-field_b72a4dc\">Acepto la pol\u00edtica de protecci\u00f3n de datos y autorizo el tratamiento de mis datos conforme a las finalidades establecidas por KONER S.A.S.<\/label>\t\t\t<\/span>\n\t\t<\/div>\n\t\t\t\t\t\t<\/div>\n\t\t\t\t\t\t\t\t<div class=\"elementor-field-group elementor-column elementor-field-type-submit elementor-col-100 e-form__buttons\">\n\t\t\t\t\t<button class=\"elementor-button elementor-size-sm\" type=\"submit\">\n\t\t\t\t\t\t<span class=\"elementor-button-content-wrapper\">\n\t\t\t\t\t\t\t\t\t\t\t\t\t\t\t\t\t\t\t\t\t\t<span class=\"elementor-button-text\">Enviar Mensaje<\/span>\n\t\t\t\t\t\t\t\t\t\t\t\t\t<\/span>\n\t\t\t\t\t<\/button>\n\t\t\t\t<\/div>\n\t\t\t<\/div>\n\t\t<\/form>\n\t\t\t\t\t\t<\/div>\n\t\t\t\t<\/div>\n\t\t\t\t<\/div>\n\t\t\t\t\t<\/div>\n\t\t\t\t<\/div>\n\t\t\t\t<\/div>\n\t\t","protected":false},"excerpt":{"rendered":"<p>Transparencia y \u00e9tica empresarial KORNER S.A.S., estamos comprometidos con una cultura empresarial basada en la \u00e9tica y valores corporativos, como la integridad y la transparencia. Actuar con rectitud es parte de nuestra identidad y una convicci\u00f3n profunda que impulsa cada decisi\u00f3n, relaci\u00f3n comercial y proyecto que desarrollamos. Nuestro Compromiso Cumplimiento normativo: Alineamos nuestras operaciones con [&hellip;]<\/p>\n","protected":false},"author":1,"featured_media":0,"parent":0,"menu_order":0,"comment_status":"closed","ping_status":"closed","template":"elementor_header_footer","meta":{"_acf_changed":false,"content-type":"","footnotes":""},"class_list":["post-19121","page","type-page","status-publish","hentry"],"acf":[],"_links":{"self":[{"href":"https:\/\/korner.com.co\/en\/wp-json\/wp\/v2\/pages\/19121","targetHints":{"allow":["GET"]}}],"collection":[{"href":"https:\/\/korner.com.co\/en\/wp-json\/wp\/v2\/pages"}],"about":[{"href":"https:\/\/korner.com.co\/en\/wp-json\/wp\/v2\/types\/page"}],"author":[{"embeddable":true,"href":"https:\/\/korner.com.co\/en\/wp-json\/wp\/v2\/users\/1"}],"replies":[{"embeddable":true,"href":"https:\/\/korner.com.co\/en\/wp-json\/wp\/v2\/comments?post=19121"}],"version-history":[{"count":91,"href":"https:\/\/korner.com.co\/en\/wp-json\/wp\/v2\/pages\/19121\/revisions"}],"predecessor-version":[{"id":21065,"href":"https:\/\/korner.com.co\/en\/wp-json\/wp\/v2\/pages\/19121\/revisions\/21065"}],"wp:attachment":[{"href":"https:\/\/korner.com.co\/en\/wp-json\/wp\/v2\/media?parent=19121"}],"curies":[{"name":"wp","href":"https:\/\/api.w.org\/{rel}","templated":true}]}}